{"id":2395,"date":"2022-08-29T08:31:24","date_gmt":"2022-08-29T08:31:24","guid":{"rendered":"http:\/\/www.graphimage.org\/?page_id=2395"},"modified":"2023-02-26T14:07:55","modified_gmt":"2023-02-26T14:07:55","slug":"cout-et-contact","status":"publish","type":"page","link":"http:\/\/www.graphimage.org\/?page_id=2395","title":{"rendered":"Co\u00fbt et Contact"},"content":{"rendered":"<p><a href=\"http:\/\/www.graphimage.org\/?page_id=2389\">La carlux pourquoi faire ?<\/a><\/p>\n<p><a href=\"http:\/\/www.graphimage.org\/?page_id=2391\">Quelques r\u00e9alisations<\/a><\/p>\n<p><a href=\"http:\/\/www.graphimage.org\/?page_id=2393\">Un peu de technique<\/a><\/p>\n<h3>Co\u00fbt et Contact<\/h3>\n<p>En fonction de la dur\u00e9e et de la sonorisation (la SACEM est \u00e0 la charge de l'organisateur) que Graphimage diffuse le cout oscille entre 300 et 1200 Euros.<\/p>\n<p><a href=\"http:\/\/www.graphimage.org\/wp-content\/uploads\/2023\/02\/DSC_2705-1.jpg\"><img decoding=\"async\" loading=\"lazy\" class=\"alignnone wp-image-2529\" src=\"http:\/\/www.graphimage.org\/wp-content\/uploads\/2023\/02\/DSC_2705-1-300x200.jpg\" alt=\"\" width=\"581\" height=\"387\" srcset=\"http:\/\/www.graphimage.org\/wp-content\/uploads\/2023\/02\/DSC_2705-1-300x200.jpg 300w, http:\/\/www.graphimage.org\/wp-content\/uploads\/2023\/02\/DSC_2705-1-1024x683.jpg 1024w, http:\/\/www.graphimage.org\/wp-content\/uploads\/2023\/02\/DSC_2705-1-768x512.jpg 768w, http:\/\/www.graphimage.org\/wp-content\/uploads\/2023\/02\/DSC_2705-1.jpg 1500w\" sizes=\"(max-width: 581px) 100vw, 581px\" \/><\/a><\/p>\n<h2><a href=\"http:\/\/www.graphimage.org\/?page_id=56\">Contact<\/a><\/h2>\n<p>tel 06 72 85 68 42<\/p>\n<p>graphimage.org@gmail.com<\/p>\n<p>&nbsp;<\/p>\n","protected":false},"excerpt":{"rendered":"<p>La carlux pourquoi faire ? Quelques r\u00e9alisations Un peu de technique Co\u00fbt et Contact En fonction de la dur\u00e9e et de la sonorisation (la SACEM est \u00e0 la charge de l&#8217;organisateur) que Graphimage diffuse le cout oscille entre 300 et 1200 Euros. Contact tel 06 72 85 68 42 graphimage.org@gmail.com &nbsp;<\/p>\n","protected":false},"author":1,"featured_media":0,"parent":0,"menu_order":0,"comment_status":"closed","ping_status":"closed","template":"","meta":{"ngg_post_thumbnail":0},"_links":{"self":[{"href":"http:\/\/www.graphimage.org\/index.php?rest_route=\/wp\/v2\/pages\/2395"}],"collection":[{"href":"http:\/\/www.graphimage.org\/index.php?rest_route=\/wp\/v2\/pages"}],"about":[{"href":"http:\/\/www.graphimage.org\/index.php?rest_route=\/wp\/v2\/types\/page"}],"author":[{"embeddable":true,"href":"http:\/\/www.graphimage.org\/index.php?rest_route=\/wp\/v2\/users\/1"}],"replies":[{"embeddable":true,"href":"http:\/\/www.graphimage.org\/index.php?rest_route=%2Fwp%2Fv2%2Fcomments&post=2395"}],"version-history":[{"count":5,"href":"http:\/\/www.graphimage.org\/index.php?rest_route=\/wp\/v2\/pages\/2395\/revisions"}],"predecessor-version":[{"id":2536,"href":"http:\/\/www.graphimage.org\/index.php?rest_route=\/wp\/v2\/pages\/2395\/revisions\/2536"}],"wp:attachment":[{"href":"http:\/\/www.graphimage.org\/index.php?rest_route=%2Fwp%2Fv2%2Fmedia&parent=2395"}],"curies":[{"name":"wp","href":"https:\/\/api.w.org\/{rel}","templated":true}]}}