{"id":2393,"date":"2022-08-29T08:30:24","date_gmt":"2022-08-29T08:30:24","guid":{"rendered":"http:\/\/www.graphimage.org\/?page_id=2393"},"modified":"2023-02-28T15:09:32","modified_gmt":"2023-02-28T15:09:32","slug":"un-peu-de-technique","status":"publish","type":"page","link":"http:\/\/www.graphimage.org\/?page_id=2393","title":{"rendered":"Un peu de technique"},"content":{"rendered":"<p><a href=\"http:\/\/www.graphimage.org\/?page_id=2389\">La carlux pourquoi faire ?<\/a><\/p>\n<p><a href=\"http:\/\/www.graphimage.org\/?page_id=2391\">Quelques r\u00e9alisations<\/a><\/p>\n<h1>Un peu de technique<\/h1>\n<p>La voiture est \u00e9quip\u00e9 d'un petit groupe \u00e9lectrog\u00e8ne ce qui nous permet de produire un \u00e9clairage m\u00eame dans des lieus sans \u00e9lectricit\u00e9.<\/p>\n<p><a href=\"http:\/\/www.graphimage.org\/wp-content\/uploads\/2022\/08\/groupe_electrogene.jpg\"><img decoding=\"async\" loading=\"lazy\" class=\"alignnone wp-image-2414\" src=\"http:\/\/www.graphimage.org\/wp-content\/uploads\/2022\/08\/groupe_electrogene-300x253.jpg\" alt=\"\" width=\"540\" height=\"455\" srcset=\"http:\/\/www.graphimage.org\/wp-content\/uploads\/2022\/08\/groupe_electrogene-300x253.jpg 300w, http:\/\/www.graphimage.org\/wp-content\/uploads\/2022\/08\/groupe_electrogene.jpg 553w\" sizes=\"(max-width: 540px) 100vw, 540px\" \/><\/a><\/p>\n<p>Sur le toit cinq par 64 led de 250 w sont disponibles,<\/p>\n<p>et nous pouvons aussi ponctuellement rajouter un ensemble de sources lumineuses.<\/p>\n<p>Laser Projecteurs de fa\u00e7ades 'City Light&nbsp; led 1200W).<\/p>\n<p><a href=\"http:\/\/www.graphimage.org\/wp-content\/uploads\/2022\/10\/20220910_201557.jpg\"><img decoding=\"async\" loading=\"lazy\" class=\"alignnone wp-image-2479\" src=\"http:\/\/www.graphimage.org\/wp-content\/uploads\/2022\/10\/20220910_201557-300x225.jpg\" alt=\"\" width=\"350\" height=\"262\" srcset=\"http:\/\/www.graphimage.org\/wp-content\/uploads\/2022\/10\/20220910_201557-300x225.jpg 300w, http:\/\/www.graphimage.org\/wp-content\/uploads\/2022\/10\/20220910_201557-768x576.jpg 768w, http:\/\/www.graphimage.org\/wp-content\/uploads\/2022\/10\/20220910_201557.jpg 1000w\" sizes=\"(max-width: 350px) 100vw, 350px\" \/><\/a><a href=\"http:\/\/www.graphimage.org\/wp-content\/uploads\/2022\/10\/20220825_182755-1.jpg\"><img decoding=\"async\" loading=\"lazy\" class=\"alignnone wp-image-2482\" src=\"http:\/\/www.graphimage.org\/wp-content\/uploads\/2022\/10\/20220825_182755-1-225x300.jpg\" alt=\"\" width=\"197\" height=\"263\" srcset=\"http:\/\/www.graphimage.org\/wp-content\/uploads\/2022\/10\/20220825_182755-1-225x300.jpg 225w, http:\/\/www.graphimage.org\/wp-content\/uploads\/2022\/10\/20220825_182755-1.jpg 750w\" sizes=\"(max-width: 197px) 100vw, 197px\" \/><\/a><\/p>\n<p><a href=\"http:\/\/www.graphimage.org\/wp-content\/uploads\/2023\/02\/DSC_2357.jpg\"><img decoding=\"async\" loading=\"lazy\" class=\"alignnone wp-image-2519\" src=\"http:\/\/www.graphimage.org\/wp-content\/uploads\/2023\/02\/DSC_2357-200x300.jpg\" alt=\"\" width=\"295\" height=\"443\" srcset=\"http:\/\/www.graphimage.org\/wp-content\/uploads\/2023\/02\/DSC_2357-200x300.jpg 200w, http:\/\/www.graphimage.org\/wp-content\/uploads\/2023\/02\/DSC_2357-683x1024.jpg 683w, http:\/\/www.graphimage.org\/wp-content\/uploads\/2023\/02\/DSC_2357-768x1152.jpg 768w, http:\/\/www.graphimage.org\/wp-content\/uploads\/2023\/02\/DSC_2357.jpg 1000w\" sizes=\"(max-width: 295px) 100vw, 295px\" \/><\/a> <a href=\"http:\/\/www.graphimage.org\/wp-content\/uploads\/2023\/02\/DSC_2377.jpg\"><img decoding=\"async\" loading=\"lazy\" class=\"alignnone wp-image-2521\" src=\"http:\/\/www.graphimage.org\/wp-content\/uploads\/2023\/02\/DSC_2377-200x300.jpg\" alt=\"\" width=\"288\" height=\"432\" srcset=\"http:\/\/www.graphimage.org\/wp-content\/uploads\/2023\/02\/DSC_2377-200x300.jpg 200w, http:\/\/www.graphimage.org\/wp-content\/uploads\/2023\/02\/DSC_2377-683x1024.jpg 683w, http:\/\/www.graphimage.org\/wp-content\/uploads\/2023\/02\/DSC_2377-768x1152.jpg 768w, http:\/\/www.graphimage.org\/wp-content\/uploads\/2023\/02\/DSC_2377.jpg 1000w\" sizes=\"(max-width: 288px) 100vw, 288px\" \/><\/a><a href=\"http:\/\/www.graphimage.org\/wp-content\/uploads\/2023\/02\/DSC_2376.jpg\"><img decoding=\"async\" loading=\"lazy\" class=\"alignnone wp-image-2520\" src=\"http:\/\/www.graphimage.org\/wp-content\/uploads\/2023\/02\/DSC_2376-300x200.jpg\" alt=\"\" width=\"587\" height=\"391\" srcset=\"http:\/\/www.graphimage.org\/wp-content\/uploads\/2023\/02\/DSC_2376-300x200.jpg 300w, http:\/\/www.graphimage.org\/wp-content\/uploads\/2023\/02\/DSC_2376-1024x683.jpg 1024w, http:\/\/www.graphimage.org\/wp-content\/uploads\/2023\/02\/DSC_2376-768x512.jpg 768w, http:\/\/www.graphimage.org\/wp-content\/uploads\/2023\/02\/DSC_2376.jpg 1500w\" sizes=\"(max-width: 587px) 100vw, 587px\" \/><\/a><\/p>\n<p><a href=\"http:\/\/www.graphimage.org\/?page_id=2395\" target=\"_blank\" rel=\"noopener\">Co\u00fbt et Contact<\/a><\/p>\n","protected":false},"excerpt":{"rendered":"<p>La carlux pourquoi faire ? Quelques r\u00e9alisations Un peu de technique La voiture est \u00e9quip\u00e9 d&#8217;un petit groupe \u00e9lectrog\u00e8ne ce qui nous permet de produire un \u00e9clairage m\u00eame dans des lieus sans \u00e9lectricit\u00e9. Sur le toit cinq par 64 led de 250 w sont disponibles, et nous pouvons aussi ponctuellement rajouter un ensemble de sources [&hellip;]<\/p>\n","protected":false},"author":1,"featured_media":0,"parent":0,"menu_order":0,"comment_status":"closed","ping_status":"closed","template":"","meta":{"ngg_post_thumbnail":0},"_links":{"self":[{"href":"http:\/\/www.graphimage.org\/index.php?rest_route=\/wp\/v2\/pages\/2393"}],"collection":[{"href":"http:\/\/www.graphimage.org\/index.php?rest_route=\/wp\/v2\/pages"}],"about":[{"href":"http:\/\/www.graphimage.org\/index.php?rest_route=\/wp\/v2\/types\/page"}],"author":[{"embeddable":true,"href":"http:\/\/www.graphimage.org\/index.php?rest_route=\/wp\/v2\/users\/1"}],"replies":[{"embeddable":true,"href":"http:\/\/www.graphimage.org\/index.php?rest_route=%2Fwp%2Fv2%2Fcomments&post=2393"}],"version-history":[{"count":7,"href":"http:\/\/www.graphimage.org\/index.php?rest_route=\/wp\/v2\/pages\/2393\/revisions"}],"predecessor-version":[{"id":2534,"href":"http:\/\/www.graphimage.org\/index.php?rest_route=\/wp\/v2\/pages\/2393\/revisions\/2534"}],"wp:attachment":[{"href":"http:\/\/www.graphimage.org\/index.php?rest_route=%2Fwp%2Fv2%2Fmedia&parent=2393"}],"curies":[{"name":"wp","href":"https:\/\/api.w.org\/{rel}","templated":true}]}}