{"id":2391,"date":"2022-08-29T08:29:49","date_gmt":"2022-08-29T08:29:49","guid":{"rendered":"http:\/\/www.graphimage.org\/?page_id=2391"},"modified":"2023-02-28T15:14:49","modified_gmt":"2023-02-28T15:14:49","slug":"quelques-realisations","status":"publish","type":"page","link":"http:\/\/www.graphimage.org\/?page_id=2391","title":{"rendered":"Quelques r\u00e9alisations"},"content":{"rendered":"<h3><a href=\"http:\/\/www.graphimage.org\/?page_id=2389\">La Carlux pourquoi faire ?<\/a><\/h3>\n<h2>Quelques r\u00e9alisations<\/h2>\n<h2>Provins<\/h2>\n<p><a href=\"http:\/\/www.graphimage.org\/wp-content\/uploads\/2023\/02\/DSC_2677.jpg\"><img decoding=\"async\" loading=\"lazy\" class=\"alignnone wp-image-2511\" src=\"http:\/\/www.graphimage.org\/wp-content\/uploads\/2023\/02\/DSC_2677-300x200.jpg\" alt=\"\" width=\"509\" height=\"339\" srcset=\"http:\/\/www.graphimage.org\/wp-content\/uploads\/2023\/02\/DSC_2677-300x200.jpg 300w, http:\/\/www.graphimage.org\/wp-content\/uploads\/2023\/02\/DSC_2677-1024x683.jpg 1024w, http:\/\/www.graphimage.org\/wp-content\/uploads\/2023\/02\/DSC_2677-768x512.jpg 768w, http:\/\/www.graphimage.org\/wp-content\/uploads\/2023\/02\/DSC_2677.jpg 1500w\" sizes=\"(max-width: 509px) 100vw, 509px\" \/><\/a><\/p>\n<p><a href=\"http:\/\/www.graphimage.org\/wp-content\/uploads\/2023\/02\/pano_provins-2.jpg\"><img decoding=\"async\" loading=\"lazy\" class=\"alignnone wp-image-2510\" src=\"http:\/\/www.graphimage.org\/wp-content\/uploads\/2023\/02\/pano_provins-2-300x138.jpg\" alt=\"\" width=\"509\" height=\"234\" srcset=\"http:\/\/www.graphimage.org\/wp-content\/uploads\/2023\/02\/pano_provins-2-300x138.jpg 300w, http:\/\/www.graphimage.org\/wp-content\/uploads\/2023\/02\/pano_provins-2-1024x470.jpg 1024w, http:\/\/www.graphimage.org\/wp-content\/uploads\/2023\/02\/pano_provins-2-768x352.jpg 768w, http:\/\/www.graphimage.org\/wp-content\/uploads\/2023\/02\/pano_provins-2.jpg 1500w\" sizes=\"(max-width: 509px) 100vw, 509px\" \/><\/a><\/p>\n<p><a href=\"http:\/\/www.graphimage.org\/wp-content\/uploads\/2023\/02\/DSC_2705.jpg\"><img decoding=\"async\" loading=\"lazy\" class=\"alignnone wp-image-2509\" src=\"http:\/\/www.graphimage.org\/wp-content\/uploads\/2023\/02\/DSC_2705-300x200.jpg\" alt=\"\" width=\"511\" height=\"340\" srcset=\"http:\/\/www.graphimage.org\/wp-content\/uploads\/2023\/02\/DSC_2705-300x200.jpg 300w, http:\/\/www.graphimage.org\/wp-content\/uploads\/2023\/02\/DSC_2705-1024x683.jpg 1024w, http:\/\/www.graphimage.org\/wp-content\/uploads\/2023\/02\/DSC_2705-768x512.jpg 768w, http:\/\/www.graphimage.org\/wp-content\/uploads\/2023\/02\/DSC_2705.jpg 1500w\" sizes=\"(max-width: 511px) 100vw, 511px\" \/><\/a><\/p>\nngg_shortcode_0_placeholder\n<h2><em>Nogent sur Seine.<\/em><\/h2>\n<p><a href=\"http:\/\/www.graphimage.org\/wp-content\/uploads\/2022\/08\/DSC_6669-1.jpg\"><img decoding=\"async\" loading=\"lazy\" class=\"alignnone wp-image-2416\" src=\"http:\/\/www.graphimage.org\/wp-content\/uploads\/2022\/08\/DSC_6669-1-200x300.jpg\" alt=\"\" width=\"237\" height=\"356\" srcset=\"http:\/\/www.graphimage.org\/wp-content\/uploads\/2022\/08\/DSC_6669-1-200x300.jpg 200w, http:\/\/www.graphimage.org\/wp-content\/uploads\/2022\/08\/DSC_6669-1.jpg 667w\" sizes=\"(max-width: 237px) 100vw, 237px\" \/><\/a><a href=\"http:\/\/www.graphimage.org\/wp-content\/uploads\/2022\/08\/20220825_221546.jpg\"><img decoding=\"async\" loading=\"lazy\" class=\"alignnone wp-image-2418\" src=\"http:\/\/www.graphimage.org\/wp-content\/uploads\/2022\/08\/20220825_221546-225x300.jpg\" alt=\"\" width=\"266\" height=\"355\" srcset=\"http:\/\/www.graphimage.org\/wp-content\/uploads\/2022\/08\/20220825_221546-225x300.jpg 225w, http:\/\/www.graphimage.org\/wp-content\/uploads\/2022\/08\/20220825_221546.jpg 750w\" sizes=\"(max-width: 266px) 100vw, 266px\" \/><\/a><\/p>\n<p><a href=\"http:\/\/www.graphimage.org\/wp-content\/uploads\/2022\/10\/20220825_210718.jpg\"><img decoding=\"async\" loading=\"lazy\" class=\"alignnone wp-image-2485\" src=\"http:\/\/www.graphimage.org\/wp-content\/uploads\/2022\/10\/20220825_210718-300x225.jpg\" alt=\"\" width=\"503\" height=\"377\" srcset=\"http:\/\/www.graphimage.org\/wp-content\/uploads\/2022\/10\/20220825_210718-300x225.jpg 300w, http:\/\/www.graphimage.org\/wp-content\/uploads\/2022\/10\/20220825_210718-768x576.jpg 768w, http:\/\/www.graphimage.org\/wp-content\/uploads\/2022\/10\/20220825_210718.jpg 1000w\" sizes=\"(max-width: 503px) 100vw, 503px\" \/><\/a><\/p>\n<h2>For\u00eat de Sourdun<\/h2>\n<p><a href=\"http:\/\/www.graphimage.org\/wp-content\/uploads\/2022\/10\/20220825_221546.jpg\"><img decoding=\"async\" loading=\"lazy\" class=\"alignnone wp-image-2486\" src=\"http:\/\/www.graphimage.org\/wp-content\/uploads\/2022\/10\/20220825_221546-225x300.jpg\" alt=\"\" width=\"301\" height=\"401\" srcset=\"http:\/\/www.graphimage.org\/wp-content\/uploads\/2022\/10\/20220825_221546-225x300.jpg 225w, http:\/\/www.graphimage.org\/wp-content\/uploads\/2022\/10\/20220825_221546.jpg 750w\" sizes=\"(max-width: 301px) 100vw, 301px\" \/><\/a><a href=\"http:\/\/www.graphimage.org\/wp-content\/uploads\/2022\/10\/20220825_221556.jpg\"><img decoding=\"async\" loading=\"lazy\" class=\"alignnone wp-image-2487\" src=\"http:\/\/www.graphimage.org\/wp-content\/uploads\/2022\/10\/20220825_221556-225x300.jpg\" alt=\"\" width=\"301\" height=\"401\" srcset=\"http:\/\/www.graphimage.org\/wp-content\/uploads\/2022\/10\/20220825_221556-225x300.jpg 225w, http:\/\/www.graphimage.org\/wp-content\/uploads\/2022\/10\/20220825_221556.jpg 750w\" sizes=\"(max-width: 301px) 100vw, 301px\" \/><\/a><\/p>\n<h2>Villenauxe la Grande.<\/h2>\n<p>&nbsp;<\/p>\n<p><a href=\"http:\/\/www.graphimage.org\/wp-content\/uploads\/2022\/10\/20220910_211536.jpg\"><img decoding=\"async\" loading=\"lazy\" class=\"alignnone wp-image-2489\" src=\"http:\/\/www.graphimage.org\/wp-content\/uploads\/2022\/10\/20220910_211536-225x300.jpg\" alt=\"\" width=\"253\" height=\"337\" srcset=\"http:\/\/www.graphimage.org\/wp-content\/uploads\/2022\/10\/20220910_211536-225x300.jpg 225w, http:\/\/www.graphimage.org\/wp-content\/uploads\/2022\/10\/20220910_211536.jpg 750w\" sizes=\"(max-width: 253px) 100vw, 253px\" \/><\/a><a href=\"http:\/\/www.graphimage.org\/wp-content\/uploads\/2022\/10\/20220910_211611.jpg\"><img decoding=\"async\" loading=\"lazy\" class=\"alignnone wp-image-2490\" src=\"http:\/\/www.graphimage.org\/wp-content\/uploads\/2022\/10\/20220910_211611-225x300.jpg\" alt=\"\" width=\"252\" height=\"336\" srcset=\"http:\/\/www.graphimage.org\/wp-content\/uploads\/2022\/10\/20220910_211611-225x300.jpg 225w, http:\/\/www.graphimage.org\/wp-content\/uploads\/2022\/10\/20220910_211611.jpg 750w\" sizes=\"(max-width: 252px) 100vw, 252px\" \/><\/a><a href=\"http:\/\/www.graphimage.org\/wp-content\/uploads\/2022\/10\/20220910_231820.jpg\"><img decoding=\"async\" loading=\"lazy\" class=\"alignnone wp-image-2491\" src=\"http:\/\/www.graphimage.org\/wp-content\/uploads\/2022\/10\/20220910_231820-225x300.jpg\" alt=\"\" width=\"507\" height=\"677\" srcset=\"http:\/\/www.graphimage.org\/wp-content\/uploads\/2022\/10\/20220910_231820-225x300.jpg 225w, http:\/\/www.graphimage.org\/wp-content\/uploads\/2022\/10\/20220910_231820.jpg 750w\" sizes=\"(max-width: 507px) 100vw, 507px\" \/><\/a><\/p>\n<h3><a href=\"http:\/\/www.graphimage.org\/?page_id=2393\">Un peu de technique<\/a><\/h3>\n<p>&nbsp;<\/p>\n<h3><a href=\"http:\/\/www.graphimage.org\/?page_id=2395\">Co\u00fbt et Contact<\/a><\/h3>\n","protected":false},"excerpt":{"rendered":"<p>La Carlux pourquoi faire ? Quelques r\u00e9alisations Provins &nbsp; Nogent sur Seine. For\u00eat de Sourdun Villenauxe la Grande. &nbsp; Un peu de technique &nbsp; Co\u00fbt et Contact<\/p>\n","protected":false},"author":1,"featured_media":0,"parent":0,"menu_order":0,"comment_status":"closed","ping_status":"closed","template":"","meta":{"ngg_post_thumbnail":0},"_links":{"self":[{"href":"http:\/\/www.graphimage.org\/index.php?rest_route=\/wp\/v2\/pages\/2391"}],"collection":[{"href":"http:\/\/www.graphimage.org\/index.php?rest_route=\/wp\/v2\/pages"}],"about":[{"href":"http:\/\/www.graphimage.org\/index.php?rest_route=\/wp\/v2\/types\/page"}],"author":[{"embeddable":true,"href":"http:\/\/www.graphimage.org\/index.php?rest_route=\/wp\/v2\/users\/1"}],"replies":[{"embeddable":true,"href":"http:\/\/www.graphimage.org\/index.php?rest_route=%2Fwp%2Fv2%2Fcomments&post=2391"}],"version-history":[{"count":8,"href":"http:\/\/www.graphimage.org\/index.php?rest_route=\/wp\/v2\/pages\/2391\/revisions"}],"predecessor-version":[{"id":2540,"href":"http:\/\/www.graphimage.org\/index.php?rest_route=\/wp\/v2\/pages\/2391\/revisions\/2540"}],"wp:attachment":[{"href":"http:\/\/www.graphimage.org\/index.php?rest_route=%2Fwp%2Fv2%2Fmedia&parent=2391"}],"curies":[{"name":"wp","href":"https:\/\/api.w.org\/{rel}","templated":true}]}}