{"id":2389,"date":"2022-08-29T08:29:15","date_gmt":"2022-08-29T08:29:15","guid":{"rendered":"http:\/\/www.graphimage.org\/?page_id=2389"},"modified":"2023-02-28T15:13:40","modified_gmt":"2023-02-28T15:13:40","slug":"la-carlux-pourquoi-faire","status":"publish","type":"page","link":"http:\/\/www.graphimage.org\/?page_id=2389","title":{"rendered":"La carlux pourquoi faire ?"},"content":{"rendered":"<p>Des lieux, une voiture et des lumi\u00e8res mobiles qui se rencontrent.<\/p>\n<p><a href=\"http:\/\/www.graphimage.org\/wp-content\/uploads\/2022\/08\/DSC_6669.jpg\"><img decoding=\"async\" loading=\"lazy\" class=\"alignnone wp-image-2406\" src=\"http:\/\/www.graphimage.org\/wp-content\/uploads\/2022\/08\/DSC_6669-200x300.jpg\" alt=\"\" width=\"427\" height=\"641\" srcset=\"http:\/\/www.graphimage.org\/wp-content\/uploads\/2022\/08\/DSC_6669-200x300.jpg 200w, http:\/\/www.graphimage.org\/wp-content\/uploads\/2022\/08\/DSC_6669.jpg 667w\" sizes=\"(max-width: 427px) 100vw, 427px\" \/><\/a><\/p>\n<p>La carLux est une voiture \u00e9quip\u00e9e de lumi\u00e8res.<\/p>\n<p><a href=\"http:\/\/www.graphimage.org\/wp-content\/uploads\/2022\/08\/20220825_210718.jpg\"><img decoding=\"async\" loading=\"lazy\" class=\"alignnone wp-image-2440\" src=\"http:\/\/www.graphimage.org\/wp-content\/uploads\/2022\/08\/20220825_210718-300x225.jpg\" alt=\"\" width=\"425\" height=\"319\" srcset=\"http:\/\/www.graphimage.org\/wp-content\/uploads\/2022\/08\/20220825_210718-300x225.jpg 300w, http:\/\/www.graphimage.org\/wp-content\/uploads\/2022\/08\/20220825_210718-768x576.jpg 768w, http:\/\/www.graphimage.org\/wp-content\/uploads\/2022\/08\/20220825_210718.jpg 1000w\" sizes=\"(max-width: 425px) 100vw, 425px\" \/><\/a><a href=\"http:\/\/www.graphimage.org\/wp-content\/uploads\/2022\/08\/20220825_212115.jpg\"><img decoding=\"async\" loading=\"lazy\" class=\"alignnone wp-image-2438\" src=\"http:\/\/www.graphimage.org\/wp-content\/uploads\/2022\/08\/20220825_212115-225x300.jpg\" alt=\"\" width=\"424\" height=\"565\" srcset=\"http:\/\/www.graphimage.org\/wp-content\/uploads\/2022\/08\/20220825_212115-225x300.jpg 225w, http:\/\/www.graphimage.org\/wp-content\/uploads\/2022\/08\/20220825_212115.jpg 750w\" sizes=\"(max-width: 424px) 100vw, 424px\" \/><\/a><\/p>\n<p>Un groupe \u00e9lectrog\u00e8ne si besoin<\/p>\n<p><a href=\"http:\/\/www.graphimage.org\/wp-content\/uploads\/2022\/08\/groupe_electrogene.jpg\"><img decoding=\"async\" loading=\"lazy\" class=\"alignnone size-medium wp-image-2414\" src=\"http:\/\/www.graphimage.org\/wp-content\/uploads\/2022\/08\/groupe_electrogene-300x253.jpg\" alt=\"\" width=\"300\" height=\"253\" srcset=\"http:\/\/www.graphimage.org\/wp-content\/uploads\/2022\/08\/groupe_electrogene-300x253.jpg 300w, http:\/\/www.graphimage.org\/wp-content\/uploads\/2022\/08\/groupe_electrogene.jpg 553w\" sizes=\"(max-width: 300px) 100vw, 300px\" \/><\/a><\/p>\n<p>D'une sonorisation<\/p>\n<p>&nbsp;<\/p>\n<p>le tout d\u00e9j\u00e0 mont\u00e9.<\/p>\n<p>Nous arrivons avec une structure mobile qui en quelque minutes peut \u00eatre install\u00e9e pour:<\/p>\n<ul>\n<li>Mettre en \u00e9vidence un b\u00e2timent.<\/li>\n<li>Une rencontre entre amis.<\/li>\n<li>Proposer un espace conviviale pour un repas ap\u00e9ritif dinatoire.<\/li>\n<li>Souligner un point de rencontre dans le cadre d'une manifestation plus importante.<\/li>\n<\/ul>\n<p>Cette structure mobile a \u00e9t\u00e9 con\u00e7ue pour rapidement offrir un espace convivial et s'adapter rapidement \u00e0 la configuration de vos \u00e9v\u00e8nements. Pour nous la mise en lumi\u00e8re de lieux nous offre la possibilit\u00e9 de cr\u00e9er une sculpture lumineuse.<\/p>\n<p>&nbsp;<\/p>\n<p>&nbsp;<\/p>\n<h3><a href=\"http:\/\/www.graphimage.org\/?page_id=2391\">Quelques r\u00e9alisations<\/a><\/h3>\n<p>&nbsp;<\/p>\n<h3><a href=\"http:\/\/www.graphimage.org\/?page_id=2393\">Un peu de technique<\/a><\/h3>\n<p>&nbsp;<\/p>\n<h3><a href=\"http:\/\/www.graphimage.org\/?page_id=2395\">Co\u00fbt et Contact<\/a><\/h3>\n","protected":false},"excerpt":{"rendered":"<p>Des lieux, une voiture et des lumi\u00e8res mobiles qui se rencontrent. La carLux est une voiture \u00e9quip\u00e9e de lumi\u00e8res. Un groupe \u00e9lectrog\u00e8ne si besoin D&#8217;une sonorisation &nbsp; le tout d\u00e9j\u00e0 mont\u00e9. Nous arrivons avec une structure mobile qui en quelque minutes peut \u00eatre install\u00e9e pour: Mettre en \u00e9vidence un b\u00e2timent. Une rencontre entre amis. Proposer [&hellip;]<\/p>\n","protected":false},"author":1,"featured_media":0,"parent":0,"menu_order":0,"comment_status":"closed","ping_status":"closed","template":"","meta":{"ngg_post_thumbnail":0},"_links":{"self":[{"href":"http:\/\/www.graphimage.org\/index.php?rest_route=\/wp\/v2\/pages\/2389"}],"collection":[{"href":"http:\/\/www.graphimage.org\/index.php?rest_route=\/wp\/v2\/pages"}],"about":[{"href":"http:\/\/www.graphimage.org\/index.php?rest_route=\/wp\/v2\/types\/page"}],"author":[{"embeddable":true,"href":"http:\/\/www.graphimage.org\/index.php?rest_route=\/wp\/v2\/users\/1"}],"replies":[{"embeddable":true,"href":"http:\/\/www.graphimage.org\/index.php?rest_route=%2Fwp%2Fv2%2Fcomments&post=2389"}],"version-history":[{"count":5,"href":"http:\/\/www.graphimage.org\/index.php?rest_route=\/wp\/v2\/pages\/2389\/revisions"}],"predecessor-version":[{"id":2539,"href":"http:\/\/www.graphimage.org\/index.php?rest_route=\/wp\/v2\/pages\/2389\/revisions\/2539"}],"wp:attachment":[{"href":"http:\/\/www.graphimage.org\/index.php?rest_route=%2Fwp%2Fv2%2Fmedia&parent=2389"}],"curies":[{"name":"wp","href":"https:\/\/api.w.org\/{rel}","templated":true}]}}