{"id":1481,"date":"2019-11-03T17:12:19","date_gmt":"2019-11-03T17:12:19","guid":{"rendered":"http:\/\/www.graphimage.org\/?page_id=1481"},"modified":"2019-11-03T17:12:19","modified_gmt":"2019-11-03T17:12:19","slug":"tango-tango-2019-eglise-de-dival","status":"publish","type":"page","link":"http:\/\/www.graphimage.org\/?page_id=1481","title":{"rendered":"tango tango 2019 \u00e9glise de dival"},"content":{"rendered":"<h1>TANGO - TANGO<\/h1>\n<p><a href=\"http:\/\/www.graphimage.org\/wp-content\/uploads\/2019\/05\/couvertureabraosv4.jpg\"><img decoding=\"async\" loading=\"lazy\" class=\"alignnone size-medium wp-image-1277\" src=\"http:\/\/www.graphimage.org\/wp-content\/uploads\/2019\/05\/couvertureabraosv4-200x300.jpg\" sizes=\"(max-width: 200px) 100vw, 200px\" srcset=\"http:\/\/www.graphimage.org\/wp-content\/uploads\/2019\/05\/couvertureabraosv4-200x300.jpg 200w, http:\/\/www.graphimage.org\/wp-content\/uploads\/2019\/05\/couvertureabraosv4-683x1024.jpg 683w, http:\/\/www.graphimage.org\/wp-content\/uploads\/2019\/05\/couvertureabraosv4.jpg 720w\" alt=\"\" width=\"200\" height=\"300\"><\/a><a href=\"http:\/\/www.graphimage.org\/wp-content\/uploads\/2019\/05\/tango.jpg\"><img decoding=\"async\" loading=\"lazy\" class=\"alignnone size-medium wp-image-1276\" src=\"http:\/\/www.graphimage.org\/wp-content\/uploads\/2019\/05\/tango-234x300.jpg\" sizes=\"(max-width: 234px) 100vw, 234px\" srcset=\"http:\/\/www.graphimage.org\/wp-content\/uploads\/2019\/05\/tango-234x300.jpg 234w, http:\/\/www.graphimage.org\/wp-content\/uploads\/2019\/05\/tango.jpg 499w\" alt=\"\" width=\"234\" height=\"300\"><\/a><\/p>\n<h1>Exposition Milonga<\/h1>\n<h2>\u00c9glise de Dival - Villenauxe la Grande<\/h2>\n<h2>31 Aout et 1 septembre 2019<\/h2>\n<p><code><\/code><\/p>\n<div id=\"wow-modal-id-3\" class=\"wow-modal-botton-3 wow_modal_button_right\">Feedback<\/div>\n<p><code><\/code><\/p>\n<div id=\"wow-modal-id-4\" class=\"wow-modal-botton-4 wow_modal_button_right\">Feedback<\/div>\n<p><span id=\"shortcode\"><code><\/code><\/span><\/p>\n<p>L'\u00e9glise de Dival accueillera sur le week-end une exposition et une milonga.<\/p>\n<p><a href=\"http:\/\/www.graphimage.org\/wp-content\/uploads\/2019\/05\/dival_ext\u00e9rieur.jpg\"><img decoding=\"async\" loading=\"lazy\" class=\"alignnone size-medium wp-image-1271\" src=\"http:\/\/www.graphimage.org\/wp-content\/uploads\/2019\/05\/dival_ext\u00e9rieur-300x224.jpg\" sizes=\"(max-width: 300px) 100vw, 300px\" srcset=\"http:\/\/www.graphimage.org\/wp-content\/uploads\/2019\/05\/dival_ext\u00e9rieur-300x224.jpg 300w, http:\/\/www.graphimage.org\/wp-content\/uploads\/2019\/05\/dival_ext\u00e9rieur.jpg 500w\" alt=\"\" width=\"300\" height=\"224\"><\/a><a href=\"http:\/\/www.graphimage.org\/wp-content\/uploads\/2019\/05\/dival_int\u00e9rieure.jpg\"><img decoding=\"async\" loading=\"lazy\" class=\"alignnone wp-image-1272\" src=\"http:\/\/www.graphimage.org\/wp-content\/uploads\/2019\/05\/dival_int\u00e9rieure-300x226.jpg\" sizes=\"(max-width: 296px) 100vw, 296px\" srcset=\"http:\/\/www.graphimage.org\/wp-content\/uploads\/2019\/05\/dival_int\u00e9rieure-300x226.jpg 300w, http:\/\/www.graphimage.org\/wp-content\/uploads\/2019\/05\/dival_int\u00e9rieure.jpg 502w\" alt=\"\" width=\"296\" height=\"223\"><\/a><\/p>\n<p>Ce lieu culturel nous offre un cadre magnifique pour \u00e0 la fois esquisser quelques pas de Tango et plus si envie, lors de la milonga, mais aussi \u00e0 nous int\u00e9resser au travail artistique d\u2019\u00c9tienne Martin&nbsp; B\u00e9d\u00e9iste et peintre bien connu dans notre r\u00e9gion.<\/p>\n<h1>Les expositions<\/h1>\n<h2>samedi dimanche de 15h \u00e0 20h<\/h2>\n<h2>Eglise de Dival<\/h2>\n<h2>De la&nbsp; BD \u00e0 la Peinture...<\/h2>\n<p><a href=\"http:\/\/etiennem.net\/\"><img decoding=\"async\" loading=\"lazy\" class=\"alignnone size-medium wp-image-1270\" src=\"http:\/\/www.graphimage.org\/wp-content\/uploads\/2019\/05\/bredza-204x300.jpg\" sizes=\"(max-width: 204px) 100vw, 204px\" srcset=\"http:\/\/www.graphimage.org\/wp-content\/uploads\/2019\/05\/bredza-204x300.jpg 204w, http:\/\/www.graphimage.org\/wp-content\/uploads\/2019\/05\/bredza.jpg 497w\" alt=\"\" width=\"204\" height=\"300\"><\/a><a href=\"http:\/\/etiennem.net\/\"><img decoding=\"async\" loading=\"lazy\" class=\"alignnone size-medium wp-image-1274\" src=\"http:\/\/www.graphimage.org\/wp-content\/uploads\/2019\/05\/etienne_peinture-300x227.jpg\" sizes=\"(max-width: 300px) 100vw, 300px\" srcset=\"http:\/\/www.graphimage.org\/wp-content\/uploads\/2019\/05\/etienne_peinture-300x227.jpg 300w, http:\/\/www.graphimage.org\/wp-content\/uploads\/2019\/05\/etienne_peinture-768x580.jpg 768w, http:\/\/www.graphimage.org\/wp-content\/uploads\/2019\/05\/etienne_peinture-1024x774.jpg 1024w, http:\/\/www.graphimage.org\/wp-content\/uploads\/2019\/05\/etienne_peinture.jpg 1155w\" alt=\"\" width=\"300\" height=\"227\"><\/a><\/p>\n<p><a href=\"http:\/\/etiennem.net\/\">http:\/\/etiennem.net\/<\/a><\/p>\n<p>Lors de ce weekend vous pourrez d\u00e9couvrir , en avant premi\u00e8re, quelques planches de sa nouvelle BD \u00e0 para\u00eetre courant octobre.<\/p>\n<h2><a href=\"http:\/\/www.graphimage.org\/wp-content\/uploads\/2019\/05\/bd-abra.jpg\"><img decoding=\"async\" loading=\"lazy\" class=\"size-medium wp-image-1278 alignnone\" src=\"http:\/\/www.graphimage.org\/wp-content\/uploads\/2019\/05\/bd-abra-287x300.jpg\" sizes=\"(max-width: 287px) 100vw, 287px\" srcset=\"http:\/\/www.graphimage.org\/wp-content\/uploads\/2019\/05\/bd-abra-287x300.jpg 287w, http:\/\/www.graphimage.org\/wp-content\/uploads\/2019\/05\/bd-abra.jpg 541w\" alt=\"\" width=\"287\" height=\"300\"><\/a><a href=\"http:\/\/www.graphimage.org\/wp-content\/uploads\/2019\/05\/tango_bd.jpg\"><img decoding=\"async\" loading=\"lazy\" class=\"alignnone size-medium wp-image-1284\" src=\"http:\/\/www.graphimage.org\/wp-content\/uploads\/2019\/05\/tango_bd-300x250.jpg\" sizes=\"(max-width: 300px) 100vw, 300px\" srcset=\"http:\/\/www.graphimage.org\/wp-content\/uploads\/2019\/05\/tango_bd-300x250.jpg 300w, http:\/\/www.graphimage.org\/wp-content\/uploads\/2019\/05\/tango_bd-768x641.jpg 768w, http:\/\/www.graphimage.org\/wp-content\/uploads\/2019\/05\/tango_bd.jpg 808w\" alt=\"\" width=\"300\" height=\"250\"><\/a><\/h2>\n<h2><strong><em>D\u00e9dicace d\u2019Etienne Martin de sa BD Brezza.<\/em><\/strong><\/h2>\n<p><strong><em>En avant-premi\u00e8re des planches de sa future BD-Tango <\/em><\/strong><\/p>\n<p><strong><em>samedi \u00e0 14h30 <\/em><\/strong><\/p>\n<p><strong><em>biblioth\u00e8que de Villenauxe<br \/>\n<\/em><\/strong><\/p>\n<p>&nbsp;<\/p>\n<h2>La photographie ...<\/h2>\n<p>Fran\u00e7ois profitera du cadre de ce lieu d'exposition pour monter, un ensemble d'une trentaine de photographies au format de 0.8 sur 2 m\u00e8tres.<\/p>\n<div id=\"ngg-slideshow-d3efb9c9413b77a55c191d71cfa7ec29-21455541920\" class=\"ngg-galleryoverview ngg-slideshow\" data-placeholder=\"http:\/\/www.graphimage.org\/wp-content\/plugins\/nextgen-gallery\/products\/photocrati_nextgen\/modules\/nextgen_basic_gallery\/static\/slideshow\/placeholder.gif\"><img decoding=\"async\" loading=\"lazy\" class=\"image-placeholder\" src=\"http:\/\/www.graphimage.org\/wp-content\/plugins\/nextgen-gallery\/products\/photocrati_nextgen\/modules\/nextgen_basic_gallery\/static\/slideshow\/placeholder.gif\" width=\"600\" height=\"400\"><\/p>\n<div id=\"ngg-image-4\" class=\"ngg-gallery-slideshow-image\"><img decoding=\"async\" loading=\"lazy\" title=\"\" src=\"http:\/\/www.graphimage.org\/wp-content\/gallery\/exposition-tango\/dos_main.jpg\" alt=\"tango-5\" data-image-id=\"327\" width=\"200\" height=\"400\"><\/div>\n<\/div>\n<p>&nbsp;<\/p>\n<h2>La milonga .... Dimanche de 15h \u00e0 20h, Eglise de Dival<\/h2>\n<h3>Entr\u00e9e Gratuite et buvette sur place<\/h3>\n<p>La <em>milonga<\/em> est l'autre nom du bal tango auxquels participent les<em> milongueros<\/em>.<\/p>\n<p>En argentine, on danse une suite de trois tangos, une <em>tenda<\/em>, puis un petit morceau d'une autre musique (Rock,Salsa,etc) de quelques secondes,&nbsp; permet aux couples de se d\u00e9faire et d'en constituer de nouveaux. Cette transition&nbsp; appel\u00e9e <em>cortina<\/em> rythme la soir\u00e9e et donne lieu \u00e0 bien des bavardages sur la piste. A Dival les <em>cortinas<\/em> dureront le temps du morceau, ce qui devrait permettre aux <em>tangueros<\/em> de nous montrer aussi qu'ils peuvent aborder d'autres danses, comme entre autre le West-coast, la kizomba, etc ...<\/p>\n<p><a href=\"http:\/\/www.graphimage.org\/wp-content\/uploads\/2018\/08\/DSC_3255-bichromie.jpg\"><img decoding=\"async\" loading=\"lazy\" class=\"alignnone size-medium wp-image-1209\" src=\"http:\/\/www.graphimage.org\/wp-content\/uploads\/2018\/08\/DSC_3255-bichromie-300x200.jpg\" sizes=\"(max-width: 300px) 100vw, 300px\" srcset=\"http:\/\/www.graphimage.org\/wp-content\/uploads\/2018\/08\/DSC_3255-bichromie-300x200.jpg 300w, http:\/\/www.graphimage.org\/wp-content\/uploads\/2018\/08\/DSC_3255-bichromie-768x513.jpg 768w, http:\/\/www.graphimage.org\/wp-content\/uploads\/2018\/08\/DSC_3255-bichromie.jpg 1024w\" alt=\"\" width=\"300\" height=\"200\"><\/a><\/p>\n<p>&nbsp;<\/p>\n<p>&nbsp;<\/p>\n<p>&nbsp;<\/p>\n<p>&nbsp;<\/p>\n<p>&nbsp;<\/p>\n<p>&nbsp;<\/p>\n","protected":false},"excerpt":{"rendered":"<p>TANGO &#8211; TANGO Exposition Milonga \u00c9glise de Dival &#8211; Villenauxe la Grande 31 Aout et 1 septembre 2019 Feedback Feedback L&#8217;\u00e9glise de Dival accueillera sur le week-end une exposition et une milonga. Ce lieu culturel nous offre un cadre magnifique pour \u00e0 la fois esquisser quelques pas de Tango et plus si envie, lors de [&hellip;]<\/p>\n","protected":false},"author":1,"featured_media":0,"parent":0,"menu_order":0,"comment_status":"closed","ping_status":"closed","template":"","meta":{"ngg_post_thumbnail":0},"_links":{"self":[{"href":"http:\/\/www.graphimage.org\/index.php?rest_route=\/wp\/v2\/pages\/1481"}],"collection":[{"href":"http:\/\/www.graphimage.org\/index.php?rest_route=\/wp\/v2\/pages"}],"about":[{"href":"http:\/\/www.graphimage.org\/index.php?rest_route=\/wp\/v2\/types\/page"}],"author":[{"embeddable":true,"href":"http:\/\/www.graphimage.org\/index.php?rest_route=\/wp\/v2\/users\/1"}],"replies":[{"embeddable":true,"href":"http:\/\/www.graphimage.org\/index.php?rest_route=%2Fwp%2Fv2%2Fcomments&post=1481"}],"version-history":[{"count":1,"href":"http:\/\/www.graphimage.org\/index.php?rest_route=\/wp\/v2\/pages\/1481\/revisions"}],"predecessor-version":[{"id":1482,"href":"http:\/\/www.graphimage.org\/index.php?rest_route=\/wp\/v2\/pages\/1481\/revisions\/1482"}],"wp:attachment":[{"href":"http:\/\/www.graphimage.org\/index.php?rest_route=%2Fwp%2Fv2%2Fmedia&parent=1481"}],"curies":[{"name":"wp","href":"https:\/\/api.w.org\/{rel}","templated":true}]}}