{"id":1243,"date":"2018-08-26T14:46:57","date_gmt":"2018-08-26T14:46:57","guid":{"rendered":"http:\/\/www.graphimage.org\/?page_id=1243"},"modified":"2018-08-26T14:58:46","modified_gmt":"2018-08-26T14:58:46","slug":"cout-de-lexposition","status":"publish","type":"page","link":"http:\/\/www.graphimage.org\/?page_id=1243","title":{"rendered":"Co\u00fbt de l&#8217;exposition &#8230;"},"content":{"rendered":"<p>Le co\u00fbt de l\u2019exposition, montage d\u00e9montage, est de:<\/p>\n<p>Nombre de kilom\u00e8tre Paris -lieu d'exposition \u00d7 2\u00d7 0.8&nbsp; Euro + 150 Euros.<\/p>\n<p>Pr\u00e9voir h\u00e9bergement sur place ....<\/p>\n<p>Veuillez nous contacter pour tout d\u00e9dommagement ........06 72 85 68 42.<\/p>\n<p><a href=\"http:\/\/www.graphimage.org\/wp-content\/uploads\/2018\/08\/estampas-porte\u00f1as-630.jpg\"><img decoding=\"async\" loading=\"lazy\" class=\"alignnone wp-image-1255\" src=\"http:\/\/www.graphimage.org\/wp-content\/uploads\/2018\/08\/estampas-porte\u00f1as-630-300x150.jpg\" alt=\"\" width=\"502\" height=\"251\" srcset=\"http:\/\/www.graphimage.org\/wp-content\/uploads\/2018\/08\/estampas-porte\u00f1as-630-300x150.jpg 300w, http:\/\/www.graphimage.org\/wp-content\/uploads\/2018\/08\/estampas-porte\u00f1as-630.jpg 630w\" sizes=\"(max-width: 502px) 100vw, 502px\" \/><\/a><\/p>\n<p><a href=\"http:\/\/www.graphimage.org\/?page_id=56\">Contact<\/a><\/p>\n","protected":false},"excerpt":{"rendered":"<p>Le co\u00fbt de l\u2019exposition, montage d\u00e9montage, est de: Nombre de kilom\u00e8tre Paris -lieu d&#8217;exposition \u00d7 2\u00d7 0.8&nbsp; Euro + 150 Euros. Pr\u00e9voir h\u00e9bergement sur place &#8230;. Veuillez nous contacter pour tout d\u00e9dommagement &#8230;&#8230;..06 72 85 68 42. Contact<\/p>\n","protected":false},"author":1,"featured_media":0,"parent":0,"menu_order":0,"comment_status":"closed","ping_status":"closed","template":"","meta":{"ngg_post_thumbnail":0},"_links":{"self":[{"href":"http:\/\/www.graphimage.org\/index.php?rest_route=\/wp\/v2\/pages\/1243"}],"collection":[{"href":"http:\/\/www.graphimage.org\/index.php?rest_route=\/wp\/v2\/pages"}],"about":[{"href":"http:\/\/www.graphimage.org\/index.php?rest_route=\/wp\/v2\/types\/page"}],"author":[{"embeddable":true,"href":"http:\/\/www.graphimage.org\/index.php?rest_route=\/wp\/v2\/users\/1"}],"replies":[{"embeddable":true,"href":"http:\/\/www.graphimage.org\/index.php?rest_route=%2Fwp%2Fv2%2Fcomments&post=1243"}],"version-history":[{"count":8,"href":"http:\/\/www.graphimage.org\/index.php?rest_route=\/wp\/v2\/pages\/1243\/revisions"}],"predecessor-version":[{"id":1251,"href":"http:\/\/www.graphimage.org\/index.php?rest_route=\/wp\/v2\/pages\/1243\/revisions\/1251"}],"wp:attachment":[{"href":"http:\/\/www.graphimage.org\/index.php?rest_route=%2Fwp%2Fv2%2Fmedia&parent=1243"}],"curies":[{"name":"wp","href":"https:\/\/api.w.org\/{rel}","templated":true}]}}