{"id":1182,"date":"2018-08-25T12:52:48","date_gmt":"2018-08-25T12:52:48","guid":{"rendered":"http:\/\/www.graphimage.org\/?page_id=1182"},"modified":"2018-08-26T18:06:03","modified_gmt":"2018-08-26T18:06:03","slug":"exposition-dans-milonga-ou-autres-lieus","status":"publish","type":"page","link":"http:\/\/www.graphimage.org\/?page_id=1182","title":{"rendered":"L&#8217;exposition dans une milonga ou d&#8217;autres lieux &#8230;."},"content":{"rendered":"<h3 style=\"text-align: left;\"><em>Une exposition ...... des lieux multiples<\/em><\/h3>\n<p style=\"text-align: left;\">Chaque image de l\u2019exposition est constitu\u00e9e d'un panneau de 80 cm par 200 cm.<\/p>\n<p style=\"text-align: left;\">Chaque panneau peut \u00eatre dispos\u00e9 dans l'espace comme il vous semble....<\/p>\n<p>&nbsp;<\/p>\n<h3 style=\"text-align: left;\"><em><strong>palais de la m\u00e9diterran\u00e9e Nice (2018)...<\/strong><\/em><\/h3>\n<p><a href=\"http:\/\/www.graphimage.org\/wp-content\/uploads\/2018\/08\/Palais-de-la-Mediterranee22-1.jpg\"><img decoding=\"async\" loading=\"lazy\" class=\"alignnone wp-image-1194\" src=\"http:\/\/www.graphimage.org\/wp-content\/uploads\/2018\/08\/Palais-de-la-Mediterranee22-1-300x199.jpg\" alt=\"\" width=\"605\" height=\"401\" srcset=\"http:\/\/www.graphimage.org\/wp-content\/uploads\/2018\/08\/Palais-de-la-Mediterranee22-1-300x199.jpg 300w, http:\/\/www.graphimage.org\/wp-content\/uploads\/2018\/08\/Palais-de-la-Mediterranee22-1.jpg 572w\" sizes=\"(max-width: 605px) 100vw, 605px\" \/><\/a> <a href=\"http:\/\/www.graphimage.org\/wp-content\/uploads\/2018\/08\/hotel-palais-de-la-mediterranee.jpg\"><img decoding=\"async\" loading=\"lazy\" class=\"alignnone wp-image-1195\" src=\"http:\/\/www.graphimage.org\/wp-content\/uploads\/2018\/08\/hotel-palais-de-la-mediterranee-300x190.jpg\" alt=\"\" width=\"606\" height=\"384\" srcset=\"http:\/\/www.graphimage.org\/wp-content\/uploads\/2018\/08\/hotel-palais-de-la-mediterranee-300x190.jpg 300w, http:\/\/www.graphimage.org\/wp-content\/uploads\/2018\/08\/hotel-palais-de-la-mediterranee.jpg 600w\" sizes=\"(max-width: 606px) 100vw, 606px\" \/><\/a><\/p>\n<h5 style=\"text-align: left;\">Accueil<\/h5>\n<p style=\"text-align: left;\"><a href=\"http:\/\/www.graphimage.org\/wp-content\/uploads\/2018\/08\/DSC_3948-1.jpg\"><img decoding=\"async\" loading=\"lazy\" class=\"wp-image-1197 alignleft\" src=\"http:\/\/www.graphimage.org\/wp-content\/uploads\/2018\/08\/DSC_3948-1-300x200.jpg\" alt=\"\" width=\"606\" height=\"404\" srcset=\"http:\/\/www.graphimage.org\/wp-content\/uploads\/2018\/08\/DSC_3948-1-300x200.jpg 300w, http:\/\/www.graphimage.org\/wp-content\/uploads\/2018\/08\/DSC_3948-1.jpg 629w\" sizes=\"(max-width: 606px) 100vw, 606px\" \/><\/a><\/p>\n<p style=\"text-align: left;\"><a href=\"http:\/\/www.graphimage.org\/wp-content\/uploads\/2018\/08\/DSC_4034.jpg\"><img decoding=\"async\" loading=\"lazy\" class=\"alignnone wp-image-1198\" src=\"http:\/\/www.graphimage.org\/wp-content\/uploads\/2018\/08\/DSC_4034-300x200.jpg\" alt=\"\" width=\"602\" height=\"401\" srcset=\"http:\/\/www.graphimage.org\/wp-content\/uploads\/2018\/08\/DSC_4034-300x200.jpg 300w, http:\/\/www.graphimage.org\/wp-content\/uploads\/2018\/08\/DSC_4034.jpg 629w\" sizes=\"(max-width: 602px) 100vw, 602px\" \/><\/a><\/p>\n<h4>Entr\u00e9e milonga<\/h4>\n<p><a href=\"http:\/\/www.graphimage.org\/wp-content\/uploads\/2018\/08\/DSC_3901.jpg\"><img decoding=\"async\" loading=\"lazy\" class=\"alignnone wp-image-1205\" src=\"http:\/\/www.graphimage.org\/wp-content\/uploads\/2018\/08\/DSC_3901-300x200.jpg\" alt=\"\" width=\"599\" height=\"399\" srcset=\"http:\/\/www.graphimage.org\/wp-content\/uploads\/2018\/08\/DSC_3901-300x200.jpg 300w, http:\/\/www.graphimage.org\/wp-content\/uploads\/2018\/08\/DSC_3901.jpg 629w\" sizes=\"(max-width: 599px) 100vw, 599px\" \/><\/a><\/p>\n<h4 style=\"text-align: left;\">Entr\u00e9e salle c\u00f4t\u00e9 restauration ...<\/h4>\n<p style=\"text-align: left;\"><a href=\"http:\/\/www.graphimage.org\/wp-content\/uploads\/2018\/08\/DSC_3909.jpg\"><img decoding=\"async\" loading=\"lazy\" class=\"wp-image-1184 alignleft\" src=\"http:\/\/www.graphimage.org\/wp-content\/uploads\/2018\/08\/DSC_3909-300x200.jpg\" alt=\"\" width=\"600\" height=\"400\" srcset=\"http:\/\/www.graphimage.org\/wp-content\/uploads\/2018\/08\/DSC_3909-300x200.jpg 300w, http:\/\/www.graphimage.org\/wp-content\/uploads\/2018\/08\/DSC_3909.jpg 629w\" sizes=\"(max-width: 600px) 100vw, 600px\" \/><\/a><\/p>\n<h4 style=\"text-align: left;\">Espace restauration<\/h4>\n<h4 style=\"text-align: left;\"><a href=\"http:\/\/www.graphimage.org\/wp-content\/uploads\/2018\/08\/pano-restau-palais.jpg\"><img decoding=\"async\" loading=\"lazy\" class=\"wp-image-1191 aligncenter\" src=\"http:\/\/www.graphimage.org\/wp-content\/uploads\/2018\/08\/pano-restau-palais-300x95.jpg\" alt=\"\" width=\"993\" height=\"314\" srcset=\"http:\/\/www.graphimage.org\/wp-content\/uploads\/2018\/08\/pano-restau-palais-300x95.jpg 300w, http:\/\/www.graphimage.org\/wp-content\/uploads\/2018\/08\/pano-restau-palais-768x244.jpg 768w, http:\/\/www.graphimage.org\/wp-content\/uploads\/2018\/08\/pano-restau-palais-1024x325.jpg 1024w, http:\/\/www.graphimage.org\/wp-content\/uploads\/2018\/08\/pano-restau-palais.jpg 1200w\" sizes=\"(max-width: 993px) 100vw, 993px\" \/><\/a><\/h4>\n<pre class=\"full-size\">El Gaucho Argentino : \r\n27 boulevard stalingrad <strong>Nice\r\n<\/strong>\r\n<\/pre>\n<h4>Un petit souvenir ... en image<\/h4>\n<p><a href=\"http:\/\/www.graphimage.org\/wp-content\/uploads\/2018\/08\/DSC_4004.jpg\"><img decoding=\"async\" loading=\"lazy\" class=\"alignnone wp-image-1206\" src=\"http:\/\/www.graphimage.org\/wp-content\/uploads\/2018\/08\/DSC_4004-300x200.jpg\" alt=\"\" width=\"600\" height=\"400\" srcset=\"http:\/\/www.graphimage.org\/wp-content\/uploads\/2018\/08\/DSC_4004-300x200.jpg 300w, http:\/\/www.graphimage.org\/wp-content\/uploads\/2018\/08\/DSC_4004.jpg 629w\" sizes=\"(max-width: 600px) 100vw, 600px\" \/><\/a><\/p>\n<h4>Un peu de tango<\/h4>\n<p><a href=\"http:\/\/www.graphimage.org\/wp-content\/uploads\/2018\/08\/DSC_3227-bichromie.jpg\"><img decoding=\"async\" loading=\"lazy\" class=\"alignnone wp-image-1208\" src=\"http:\/\/www.graphimage.org\/wp-content\/uploads\/2018\/08\/DSC_3227-bichromie-200x300.jpg\" alt=\"\" width=\"603\" height=\"905\"><\/a><\/p>\n<h4>A bient\u00f4t<\/h4>\n<p><em><strong><a href=\"http:\/\/www.graphimage.org\/wp-content\/uploads\/2018\/08\/DSC_4054.jpg\"><img decoding=\"async\" loading=\"lazy\" class=\"alignnone wp-image-1207\" src=\"http:\/\/www.graphimage.org\/wp-content\/uploads\/2018\/08\/DSC_4054-300x200.jpg\" alt=\"\" width=\"606\" height=\"404\" srcset=\"http:\/\/www.graphimage.org\/wp-content\/uploads\/2018\/08\/DSC_4054-300x200.jpg 300w, http:\/\/www.graphimage.org\/wp-content\/uploads\/2018\/08\/DSC_4054.jpg 629w\" sizes=\"(max-width: 606px) 100vw, 606px\" \/><\/a><\/strong><\/em><\/p>\n<h4 style=\"text-align: left;\"><em><strong>S\u00e9zanne (2018)...<\/strong><\/em><\/h4>\n<p><a href=\"http:\/\/www.graphimage.org\/wp-content\/uploads\/2018\/08\/DSC_0238.jpg\"><img decoding=\"async\" loading=\"lazy\" class=\"alignnone wp-image-1212\" src=\"http:\/\/www.graphimage.org\/wp-content\/uploads\/2018\/08\/DSC_0238-300x200.jpg\" alt=\"\" width=\"608\" height=\"405\" srcset=\"http:\/\/www.graphimage.org\/wp-content\/uploads\/2018\/08\/DSC_0238-300x200.jpg 300w, http:\/\/www.graphimage.org\/wp-content\/uploads\/2018\/08\/DSC_0238-768x513.jpg 768w, http:\/\/www.graphimage.org\/wp-content\/uploads\/2018\/08\/DSC_0238.jpg 1024w\" sizes=\"(max-width: 608px) 100vw, 608px\" \/><\/a> <a href=\"http:\/\/www.graphimage.org\/wp-content\/uploads\/2018\/08\/DSC_0252.jpg\"><img decoding=\"async\" loading=\"lazy\" class=\"alignnone wp-image-1213\" src=\"http:\/\/www.graphimage.org\/wp-content\/uploads\/2018\/08\/DSC_0252-300x200.jpg\" alt=\"\" width=\"609\" height=\"406\" srcset=\"http:\/\/www.graphimage.org\/wp-content\/uploads\/2018\/08\/DSC_0252-300x200.jpg 300w, http:\/\/www.graphimage.org\/wp-content\/uploads\/2018\/08\/DSC_0252-768x513.jpg 768w, http:\/\/www.graphimage.org\/wp-content\/uploads\/2018\/08\/DSC_0252.jpg 1024w\" sizes=\"(max-width: 609px) 100vw, 609px\" \/><\/a> <a href=\"http:\/\/www.graphimage.org\/wp-content\/uploads\/2018\/08\/DSC_0383.jpg\"><img decoding=\"async\" loading=\"lazy\" class=\"alignnone wp-image-1214\" src=\"http:\/\/www.graphimage.org\/wp-content\/uploads\/2018\/08\/DSC_0383-300x200.jpg\" alt=\"\" width=\"605\" height=\"403\" srcset=\"http:\/\/www.graphimage.org\/wp-content\/uploads\/2018\/08\/DSC_0383-300x200.jpg 300w, http:\/\/www.graphimage.org\/wp-content\/uploads\/2018\/08\/DSC_0383-768x513.jpg 768w, http:\/\/www.graphimage.org\/wp-content\/uploads\/2018\/08\/DSC_0383.jpg 1024w\" sizes=\"(max-width: 605px) 100vw, 605px\" \/><\/a><\/p>\n<h3><em><strong>Saint Rapha\u00ebl (2017)...<\/strong><\/em><\/h3>\n<p style=\"text-align: left;\"><a href=\"http:\/\/www.graphimage.org\/wp-content\/uploads\/2018\/08\/DSC_5574.jpg\"><img decoding=\"async\" loading=\"lazy\" class=\"alignnone wp-image-1217\" src=\"http:\/\/www.graphimage.org\/wp-content\/uploads\/2018\/08\/DSC_5574-300x200.jpg\" alt=\"\" width=\"606\" height=\"404\" srcset=\"http:\/\/www.graphimage.org\/wp-content\/uploads\/2018\/08\/DSC_5574-300x200.jpg 300w, http:\/\/www.graphimage.org\/wp-content\/uploads\/2018\/08\/DSC_5574.jpg 629w\" sizes=\"(max-width: 606px) 100vw, 606px\" \/><\/a> <a href=\"http:\/\/www.graphimage.org\/wp-content\/uploads\/2018\/08\/fernando-elle-enfant.jpg\"><img decoding=\"async\" loading=\"lazy\" class=\"alignnone wp-image-1218\" src=\"http:\/\/www.graphimage.org\/wp-content\/uploads\/2018\/08\/fernando-elle-enfant-300x216.jpg\" alt=\"\" width=\"607\" height=\"437\" srcset=\"http:\/\/www.graphimage.org\/wp-content\/uploads\/2018\/08\/fernando-elle-enfant-300x216.jpg 300w, http:\/\/www.graphimage.org\/wp-content\/uploads\/2018\/08\/fernando-elle-enfant.jpg 584w\" sizes=\"(max-width: 607px) 100vw, 607px\" \/><\/a> <a href=\"http:\/\/www.graphimage.org\/wp-content\/uploads\/2018\/08\/pano_hall_expo_st-raphael2.jpg\"><img decoding=\"async\" loading=\"lazy\" class=\"alignnone wp-image-1219\" src=\"http:\/\/www.graphimage.org\/wp-content\/uploads\/2018\/08\/pano_hall_expo_st-raphael2-300x139.jpg\" alt=\"\" width=\"606\" height=\"281\" srcset=\"http:\/\/www.graphimage.org\/wp-content\/uploads\/2018\/08\/pano_hall_expo_st-raphael2-300x139.jpg 300w, http:\/\/www.graphimage.org\/wp-content\/uploads\/2018\/08\/pano_hall_expo_st-raphael2-768x356.jpg 768w, http:\/\/www.graphimage.org\/wp-content\/uploads\/2018\/08\/pano_hall_expo_st-raphael2.jpg 906w\" sizes=\"(max-width: 606px) 100vw, 606px\" \/><\/a><\/p>\n<p>Etc ...<\/p>\n","protected":false},"excerpt":{"rendered":"<p>Une exposition &#8230;&#8230; des lieux multiples Chaque image de l\u2019exposition est constitu\u00e9e d&#8217;un panneau de 80 cm par 200 cm. Chaque panneau peut \u00eatre dispos\u00e9 dans l&#8217;espace comme il vous semble&#8230;. &nbsp; palais de la m\u00e9diterran\u00e9e Nice (2018)&#8230; Accueil Entr\u00e9e milonga Entr\u00e9e salle c\u00f4t\u00e9 restauration &#8230; Espace restauration El Gaucho Argentino : 27 boulevard stalingrad [&hellip;]<\/p>\n","protected":false},"author":1,"featured_media":0,"parent":0,"menu_order":0,"comment_status":"closed","ping_status":"closed","template":"","meta":{"ngg_post_thumbnail":0},"_links":{"self":[{"href":"http:\/\/www.graphimage.org\/index.php?rest_route=\/wp\/v2\/pages\/1182"}],"collection":[{"href":"http:\/\/www.graphimage.org\/index.php?rest_route=\/wp\/v2\/pages"}],"about":[{"href":"http:\/\/www.graphimage.org\/index.php?rest_route=\/wp\/v2\/types\/page"}],"author":[{"embeddable":true,"href":"http:\/\/www.graphimage.org\/index.php?rest_route=\/wp\/v2\/users\/1"}],"replies":[{"embeddable":true,"href":"http:\/\/www.graphimage.org\/index.php?rest_route=%2Fwp%2Fv2%2Fcomments&post=1182"}],"version-history":[{"count":21,"href":"http:\/\/www.graphimage.org\/index.php?rest_route=\/wp\/v2\/pages\/1182\/revisions"}],"predecessor-version":[{"id":1190,"href":"http:\/\/www.graphimage.org\/index.php?rest_route=\/wp\/v2\/pages\/1182\/revisions\/1190"}],"wp:attachment":[{"href":"http:\/\/www.graphimage.org\/index.php?rest_route=%2Fwp%2Fv2%2Fmedia&parent=1182"}],"curies":[{"name":"wp","href":"https:\/\/api.w.org\/{rel}","templated":true}]}}